{"id":423,"date":"2016-03-11T05:52:13","date_gmt":"2016-03-11T04:52:13","guid":{"rendered":"http:\/\/zupnija-lj-sv-trojica.rkc.si\/prenos\/?page_id=423"},"modified":"2023-02-25T20:56:29","modified_gmt":"2023-02-25T19:56:29","slug":"sakralni-abonma","status":"publish","type":"page","link":"http:\/\/ursulinska-cerkev-lj-sv-trojica.rkc.si\/?page_id=423","title":{"rendered":"SAKRALNI ABONMA"},"content":{"rendered":"<p>Sakralni abonma je koncertna ponudba v Ljubljani, ki zapolnjuje vrzel med glasbenimi abonmaji in se je za\u010del z jesenjo 2011. Gre za cikel tematskih koncertov, s katerimi sledimo \u010dasu cerkvenega leta, med katerimi so nekateri splo\u0161no sakralni, na adventnem, bo\u017ei\u010dnem, postnem in velikono\u010dnem, pa nas glasba vodi neposredno v obhajanje bogoslu\u017ene skrivnosti. <strong>Sakralni abonma vsebuje osem abonmajskih koncertov letno, sezona obi\u010dajno poteka od oktobra do maja.<\/strong> Vsi koncerti se odvijajo v ur\u0161ulinski cerkvi Sv. Trojice v Ljubljani.<\/p>\n\n\n<p><\/p>\n","protected":false},"excerpt":{"rendered":"<p>Sakralni abonma je koncertna ponudba v Ljubljani, ki zapolnjuje vrzel med glasbenimi abonmaji in se je za\u010del z jesenjo 2011. Gre za cikel tematskih koncertov, s katerimi sledimo \u010dasu cerkvenega leta, med katerimi so nekateri splo\u0161no sakralni, na adventnem, bo\u017ei\u010dnem, postnem in velikono\u010dnem, pa nas glasba vodi neposredno v obhajanje bogoslu\u017ene skrivnosti. Sakralni abonma vsebuje [&hellip;]<\/p>\n","protected":false},"author":1,"featured_media":0,"parent":0,"menu_order":0,"comment_status":"closed","ping_status":"closed","template":"","meta":{"footnotes":""},"_links":{"self":[{"href":"http:\/\/ursulinska-cerkev-lj-sv-trojica.rkc.si\/index.php?rest_route=\/wp\/v2\/pages\/423"}],"collection":[{"href":"http:\/\/ursulinska-cerkev-lj-sv-trojica.rkc.si\/index.php?rest_route=\/wp\/v2\/pages"}],"about":[{"href":"http:\/\/ursulinska-cerkev-lj-sv-trojica.rkc.si\/index.php?rest_route=\/wp\/v2\/types\/page"}],"author":[{"embeddable":true,"href":"http:\/\/ursulinska-cerkev-lj-sv-trojica.rkc.si\/index.php?rest_route=\/wp\/v2\/users\/1"}],"replies":[{"embeddable":true,"href":"http:\/\/ursulinska-cerkev-lj-sv-trojica.rkc.si\/index.php?rest_route=%2Fwp%2Fv2%2Fcomments&post=423"}],"version-history":[{"count":41,"href":"http:\/\/ursulinska-cerkev-lj-sv-trojica.rkc.si\/index.php?rest_route=\/wp\/v2\/pages\/423\/revisions"}],"predecessor-version":[{"id":3397,"href":"http:\/\/ursulinska-cerkev-lj-sv-trojica.rkc.si\/index.php?rest_route=\/wp\/v2\/pages\/423\/revisions\/3397"}],"wp:attachment":[{"href":"http:\/\/ursulinska-cerkev-lj-sv-trojica.rkc.si\/index.php?rest_route=%2Fwp%2Fv2%2Fmedia&parent=423"}],"curies":[{"name":"wp","href":"https:\/\/api.w.org\/{rel}","templated":true}]}}