{"id":124,"date":"2015-12-29T17:05:00","date_gmt":"2015-12-29T16:05:00","guid":{"rendered":"http:\/\/zupnija-lj-sv-trojica.rkc.si\/prenos\/?page_id=124"},"modified":"2023-12-06T10:01:27","modified_gmt":"2023-12-06T09:01:27","slug":"kontakt","status":"publish","type":"page","link":"https:\/\/ursulinska-cerkev-lj-sv-trojica.rkc.si\/?page_id=124","title":{"rendered":"KONTAKT"},"content":{"rendered":"<h2><strong>Ur\u0161ulinska cerkev Sv. Trojice v Ljubljani<br \/><\/strong><\/h2>\n<p>Ulica Josipine Turnograjske 8, Ljubljana<\/p>\n<p><strong>ODGOVORNA ZA CERKEV: S. MARIJA MESERKO<\/strong><br \/>e-naslov: info@ursulinke.si<\/p>\n<hr \/>\n<p>Cerkev Sv. Trojice je samostanska cerkev ur\u0161ulink, ki stoji na obmo\u010dju \u017eupnije Ljubljana &#8211; Marijino oznanjenje. Glede verouka, zakramentov in uradnih listin se zato obra\u010dajte na \u017eupnika te \u017eupnije.<\/p>\n<p><strong>P. PAVLE JAKOP, \u017eupnik<\/strong><br \/>tel. 041 390 609<br \/>e-naslov: <a href=\"mailto:pavle.jakop@gmail.com\"><span style=\"color: #0000ff;\">pavle.jakop@gmail.com<\/span><\/a><br \/><a href=\"http:\/\/www.marijino-oznanjenje.si\/\"><span style=\"color: #0000ff;\">http:\/\/www.marijino-oznanjenje.si\/<\/span><\/a><\/p>\n<p><strong>\u017dUPNIJSKA PISARNA LJUBLJANA-MARIJINO OZNANJENJE<\/strong>:<br \/>PON, TOR in \u010cET 11.00\u201312.00 in 17.00\u201318.00<br \/>PET 11.00\u201312.00.<br \/>tel. 01 242 93 00.<\/p>\n\n\n<p><\/p>\n","protected":false},"excerpt":{"rendered":"<p>Ur\u0161ulinska cerkev Sv. Trojice v Ljubljani Ulica Josipine Turnograjske 8, Ljubljana ODGOVORNA ZA CERKEV: S. MARIJA MESERKOe-naslov: info@ursulinke.si Cerkev Sv. Trojice je samostanska cerkev ur\u0161ulink, ki stoji na obmo\u010dju \u017eupnije Ljubljana &#8211; Marijino oznanjenje. Glede verouka, zakramentov in uradnih listin se zato obra\u010dajte na \u017eupnika te \u017eupnije. P. PAVLE JAKOP, \u017eupniktel. 041 390 609e-naslov: pavle.jakop@gmail.comhttp:\/\/www.marijino-oznanjenje.si\/ [&hellip;]<\/p>\n","protected":false},"author":1,"featured_media":0,"parent":0,"menu_order":0,"comment_status":"closed","ping_status":"closed","template":"","meta":{"footnotes":""},"_links":{"self":[{"href":"https:\/\/ursulinska-cerkev-lj-sv-trojica.rkc.si\/index.php?rest_route=\/wp\/v2\/pages\/124"}],"collection":[{"href":"https:\/\/ursulinska-cerkev-lj-sv-trojica.rkc.si\/index.php?rest_route=\/wp\/v2\/pages"}],"about":[{"href":"https:\/\/ursulinska-cerkev-lj-sv-trojica.rkc.si\/index.php?rest_route=\/wp\/v2\/types\/page"}],"author":[{"embeddable":true,"href":"https:\/\/ursulinska-cerkev-lj-sv-trojica.rkc.si\/index.php?rest_route=\/wp\/v2\/users\/1"}],"replies":[{"embeddable":true,"href":"https:\/\/ursulinska-cerkev-lj-sv-trojica.rkc.si\/index.php?rest_route=%2Fwp%2Fv2%2Fcomments&post=124"}],"version-history":[{"count":15,"href":"https:\/\/ursulinska-cerkev-lj-sv-trojica.rkc.si\/index.php?rest_route=\/wp\/v2\/pages\/124\/revisions"}],"predecessor-version":[{"id":3422,"href":"https:\/\/ursulinska-cerkev-lj-sv-trojica.rkc.si\/index.php?rest_route=\/wp\/v2\/pages\/124\/revisions\/3422"}],"wp:attachment":[{"href":"https:\/\/ursulinska-cerkev-lj-sv-trojica.rkc.si\/index.php?rest_route=%2Fwp%2Fv2%2Fmedia&parent=124"}],"curies":[{"name":"wp","href":"https:\/\/api.w.org\/{rel}","templated":true}]}}