{"id":595,"date":"2016-03-16T18:29:06","date_gmt":"2016-03-16T17:29:06","guid":{"rendered":"http:\/\/zupnija-lj-sv-trojica.rkc.si\/prenos\/?page_id=595"},"modified":"2026-04-25T09:36:22","modified_gmt":"2026-04-25T07:36:22","slug":"prva-stran-3","status":"publish","type":"page","link":"https:\/\/ursulinska-cerkev-lj-sv-trojica.rkc.si\/","title":{"rendered":"Dobrodo\u0161li!"},"content":{"rendered":"\n<figure class=\"wp-block-image\"><img decoding=\"async\" src=\"http:\/\/ursulinska-cerkev-lj-sv-trojica.rkc.si\/wp-content\/uploads\/Ur%C5%A1ulinska-cerkev-Ljubljana-page-001-1024x137.jpg\" alt=\"\"\/><\/figure>\n\n\n<hr \/>\n<h1>\u00a0<\/h1>\n\n\n<h2 class=\"wp-block-heading\"><strong><span class=\"has-inline-color has-vivid-red-color\"><\/span><\/strong><\/h2>\n\n\n\n<div class=\"wp-block-group is-layout-flow wp-block-group-is-layout-flow\"><div class=\"wp-block-group__inner-container\">\n<h2 class=\"wp-block-heading has-text-align-center\">Od 1. 1. 2024 dalje <\/h2>\n\n\n\n<h2 class=\"wp-block-heading has-text-align-center\">so v ur\u0161ulinski cerkvi <\/h2>\n\n\n\n<h2 class=\"wp-block-heading has-text-align-center\">redne ma\u0161e ob sobotah in nedeljah.<span style=\"background-color:rgba(0, 0, 0, 0)\" class=\"has-inline-color has-pale-cyan-blue-color\"> <\/span><\/h2>\n\n\n\n<h2 class=\"wp-block-heading has-text-align-center\">Ob delavnikih ma\u0161 ni.<\/h2>\n\n\n\n<p class=\"has-text-align-center\">Za ma\u0161e ob praznikih med tednom bo oznanjeno in objavljeno na spletni strani.<\/p>\n\n\n\n<hr class=\"wp-block-separator has-alpha-channel-opacity is-style-dots\"\/>\n\n\n\n<p class=\"has-text-align-center\"><\/p>\n\n\n\n<hr class=\"wp-block-separator has-alpha-channel-opacity is-style-dots\"\/>\n\n\n\n<p class=\"has-text-align-center\"><\/p>\n\n\n\n<figure class=\"wp-block-image size-full wp-duotone-000000-ffffff-1\"><a href=\"https:\/\/ursulinska-cerkev-lj-sv-trojica.rkc.si\/wp-content\/uploads\/image-7.png\"><img loading=\"lazy\" decoding=\"async\" width=\"799\" height=\"1\" src=\"https:\/\/ursulinska-cerkev-lj-sv-trojica.rkc.si\/wp-content\/uploads\/image-7.png\" alt=\"\" class=\"wp-image-3451\" srcset=\"https:\/\/ursulinska-cerkev-lj-sv-trojica.rkc.si\/wp-content\/uploads\/image-7.png 799w, https:\/\/ursulinska-cerkev-lj-sv-trojica.rkc.si\/wp-content\/uploads\/image-7-300x1.png 300w, https:\/\/ursulinska-cerkev-lj-sv-trojica.rkc.si\/wp-content\/uploads\/image-7-150x1.png 150w, https:\/\/ursulinska-cerkev-lj-sv-trojica.rkc.si\/wp-content\/uploads\/image-7-768x1.png 768w\" sizes=\"(max-width: 799px) 100vw, 799px\" \/><\/a><\/figure>\n\n\n\n<p><\/p>\n\n\n\n<h2 class=\"wp-block-heading has-text-align-center\" style=\"font-style:normal;font-weight:800\">Dogodki<\/h2>\n\n\n\n<p class=\"has-text-align-center has-medium-font-size\"><strong>Sakralni abonma <\/strong><\/p>\n\n\n\n<p class=\"has-text-align-center has-medium-font-size\">8. koncert bo v sredo, 13. 5. 2026, ob 19.30.<\/p>\n\n\n\n<p class=\"has-text-align-center\">AUDITE!&nbsp;<em>Ansambel za zgodnjo glasbo<\/em><\/p>\n\n\n\n<p class=\"has-text-align-center\">Federica Lo Pinto,&nbsp;<br>Tilen Udovi\u010d,<br>Janez Jocif, srednjeve\u0161ka glasbila in vokali<\/p>\n\n\n\n<p class=\"has-text-align-center\"><em>Program:&nbsp;<br><\/em><em>Marijine pesmi iz zbirke Cantigas de Santa Maria kralja Alfonza X.<\/em><\/p>\n\n\n\n<hr class=\"wp-block-separator has-alpha-channel-opacity is-style-dots\"\/>\n\n\n\n<p class=\"has-text-align-center has-medium-font-size\"><\/p>\n\n\n\n<p class=\"has-text-align-center\"><\/p>\n\n\n\n<hr class=\"wp-block-separator aligncenter has-alpha-channel-opacity is-style-default\"\/>\n\n\n\n<p class=\"has-text-align-center has-large-font-size\"><\/p>\n<\/div><\/div>\n","protected":false},"excerpt":{"rendered":"<p>\u00a0 Od 1. 1. 2024 dalje so v ur\u0161ulinski cerkvi redne ma\u0161e ob sobotah in nedeljah. Ob delavnikih ma\u0161 ni. Za ma\u0161e ob praznikih med tednom bo oznanjeno in objavljeno na spletni strani. Dogodki Sakralni abonma 8. koncert bo v sredo, 13. 5. 2026, ob 19.30. AUDITE!&nbsp;Ansambel za zgodnjo glasbo Federica Lo Pinto,&nbsp;Tilen Udovi\u010d,Janez Jocif, [&hellip;]<\/p>\n","protected":false},"author":1,"featured_media":0,"parent":0,"menu_order":0,"comment_status":"closed","ping_status":"closed","template":"","meta":{"footnotes":""},"_links":{"self":[{"href":"https:\/\/ursulinska-cerkev-lj-sv-trojica.rkc.si\/index.php?rest_route=\/wp\/v2\/pages\/595"}],"collection":[{"href":"https:\/\/ursulinska-cerkev-lj-sv-trojica.rkc.si\/index.php?rest_route=\/wp\/v2\/pages"}],"about":[{"href":"https:\/\/ursulinska-cerkev-lj-sv-trojica.rkc.si\/index.php?rest_route=\/wp\/v2\/types\/page"}],"author":[{"embeddable":true,"href":"https:\/\/ursulinska-cerkev-lj-sv-trojica.rkc.si\/index.php?rest_route=\/wp\/v2\/users\/1"}],"replies":[{"embeddable":true,"href":"https:\/\/ursulinska-cerkev-lj-sv-trojica.rkc.si\/index.php?rest_route=%2Fwp%2Fv2%2Fcomments&post=595"}],"version-history":[{"count":669,"href":"https:\/\/ursulinska-cerkev-lj-sv-trojica.rkc.si\/index.php?rest_route=\/wp\/v2\/pages\/595\/revisions"}],"predecessor-version":[{"id":3588,"href":"https:\/\/ursulinska-cerkev-lj-sv-trojica.rkc.si\/index.php?rest_route=\/wp\/v2\/pages\/595\/revisions\/3588"}],"wp:attachment":[{"href":"https:\/\/ursulinska-cerkev-lj-sv-trojica.rkc.si\/index.php?rest_route=%2Fwp%2Fv2%2Fmedia&parent=595"}],"curies":[{"name":"wp","href":"https:\/\/api.w.org\/{rel}","templated":true}]}}